{"id":15517,"date":"2020-04-10T15:44:59","date_gmt":"2020-04-10T15:44:59","guid":{"rendered":"https:\/\/floristeriasusi.com\/flores-marbella\/?post_type=product&#038;p=15517"},"modified":"2021-05-22T14:05:48","modified_gmt":"2021-05-22T14:05:48","slug":"polinesia","status":"publish","type":"product","link":"https:\/\/floristeriasusi.com\/flores-marbella\/product\/polinesia\/","title":{"rendered":"Polinesia"},"content":{"rendered":"","protected":false},"excerpt":{"rendered":"<p>Precioso jarr\u00f3n de dise\u00f1o con 1 rama de orqu\u00eddeas blanca<\/p>\n<p><em>Beautiful design vase with 1 branch of white orchids<\/em><\/p>\n","protected":false},"featured_media":15518,"template":"","meta":[],"product_brand":[],"product_cat":[164],"product_tag":[165,166],"class_list":{"0":"post-15517","1":"product","2":"type-product","3":"status-publish","4":"has-post-thumbnail","6":"product_cat-orquideas","7":"product_tag-orquidea","8":"product_tag-planta","10":"first","11":"instock","12":"purchasable","13":"product-type-simple"},"_links":{"self":[{"href":"https:\/\/floristeriasusi.com\/flores-marbella\/wp-json\/wp\/v2\/product\/15517","targetHints":{"allow":["GET"]}}],"collection":[{"href":"https:\/\/floristeriasusi.com\/flores-marbella\/wp-json\/wp\/v2\/product"}],"about":[{"href":"https:\/\/floristeriasusi.com\/flores-marbella\/wp-json\/wp\/v2\/types\/product"}],"wp:featuredmedia":[{"embeddable":true,"href":"https:\/\/floristeriasusi.com\/flores-marbella\/wp-json\/wp\/v2\/media\/15518"}],"wp:attachment":[{"href":"https:\/\/floristeriasusi.com\/flores-marbella\/wp-json\/wp\/v2\/media?parent=15517"}],"wp:term":[{"taxonomy":"product_brand","embeddable":true,"href":"https:\/\/floristeriasusi.com\/flores-marbella\/wp-json\/wp\/v2\/product_brand?post=15517"},{"taxonomy":"product_cat","embeddable":true,"href":"https:\/\/floristeriasusi.com\/flores-marbella\/wp-json\/wp\/v2\/product_cat?post=15517"},{"taxonomy":"product_tag","embeddable":true,"href":"https:\/\/floristeriasusi.com\/flores-marbella\/wp-json\/wp\/v2\/product_tag?post=15517"}],"curies":[{"name":"wp","href":"https:\/\/api.w.org\/{rel}","templated":true}]}}