{"id":15225,"date":"2020-03-01T14:51:57","date_gmt":"2020-03-01T14:51:57","guid":{"rendered":"https:\/\/floristeriasusi.com\/flores-marbella\/?page_id=15225"},"modified":"2020-08-13T07:34:34","modified_gmt":"2020-08-13T07:34:34","slug":"bodas-eventos","status":"publish","type":"page","link":"https:\/\/floristeriasusi.com\/flores-marbella\/bodas-eventos\/","title":{"rendered":"Bodas &#038; Eventos"},"content":{"rendered":"<div class=\"wpb-content-wrapper\"><p>[vc_row css_animation=\u00bb\u00bb row_type=\u00bbrow\u00bb use_row_as_full_screen_section=\u00bbno\u00bb type=\u00bbgrid\u00bb angled_section=\u00bbno\u00bb text_align=\u00bbleft\u00bb background_image_as_pattern=\u00bbwithout_pattern\u00bb z_index=\u00bb\u00bb css=\u00bb.vc_custom_1575827106512{margin-bottom: 50px !important;}\u00bb][vc_column][vc_empty_space height=\u00bb60px\u00bb][vc_column_text]<\/p>\n<h2 class=\"ci-pageheadline\"><span style=\"color: #ffffff;\">BODAS &amp; EVENTOS<\/span><\/h2>\n<p>[\/vc_column_text][vc_separator type=\u00bbsmall\u00bb position=\u00bbleft\u00bb color=\u00bb#ffffff\u00bb thickness=\u00bb1&#8243; up=\u00bb10&#8243; down=\u00bb10&#8243;][vc_empty_space height=\u00bb40px\u00bb][vc_column_text]<\/p>\n<p style=\"text-align: center;\"><span style=\"color: #ffffff;\">Para un d\u00eda m\u00e1gico y especial, no dudes en contactar con nosotros.<\/span><\/p>\n<p style=\"text-align: center;\"><span style=\"color: #ffffff;\">Estaremos encantados de hacer realidad tus sue\u00f1os.<\/span><\/p>\n<p style=\"text-align: center;\"><span style=\"color: #ffffff;\">Para cita previa, ll\u00e1manos al +34 952 900 144.<\/span><\/p>\n<p>[\/vc_column_text][vc_empty_space height=\u00bb40px\u00bb][\/vc_column][\/vc_row][vc_row css_animation=\u00bb\u00bb row_type=\u00bbrow\u00bb use_row_as_full_screen_section=\u00bbno\u00bb type=\u00bbgrid\u00bb angled_section=\u00bbno\u00bb text_align=\u00bbleft\u00bb background_image_as_pattern=\u00bbwithout_pattern\u00bb z_index=\u00bb\u00bb][vc_column][vc_column_text]<\/p>\n<h2><span style=\"color: #ffffff;\">Para el d\u00eda de tu boda&#8230;<\/span><\/h2>\n<p>[\/vc_column_text][vc_separator type=\u00bbtransparent\u00bb up=\u00bb15&#8243; down=\u00bb15&#8243;][vc_column_text]<\/p>\n<style type=\"text\/css\">\n#foogallery-gallery-15263 .fg-image { width: 150px; }\n#foogallery-gallery-15263 { --fg-gutter: 10px; }<\/style>\n\t\t\t<div class=\"foogallery foogallery-container foogallery-default foogallery-lightbox-none fg-center fg-default fg-ready fg-light fg-border-thin fg-shadow-outline fg-loading-default fg-loaded-fade-in fg-caption-hover fg-hover-fade fg-hover-zoom\" id=\"foogallery-gallery-15263\" data-foogallery=\"{&quot;item&quot;:{&quot;showCaptionTitle&quot;:true,&quot;showCaptionDescription&quot;:true},&quot;lazy&quot;:true}\" style=\"--fg-title-line-clamp: 0; --fg-description-line-clamp: 0;\" >\n\t<div class=\"fg-item fg-type-image fg-idle\"><figure class=\"fg-item-inner\"><a href=\"https:\/\/floristeriasusi.com\/flores-marbella\/wp-content\/uploads\/2020\/03\/novias-sergio-11.jpg\" data-attachment-id=\"15555\" data-type=\"image\" class=\"fg-thumb\"><span class=\"fg-image-wrap\"><img decoding=\"async\" width=\"150\" height=\"150\" class=\"skip-lazy fg-image\" data-src-fg=\"https:\/\/floristeriasusi.com\/flores-marbella\/wp-content\/uploads\/cache\/2020\/03\/novias-sergio-11\/299556292.jpg\" src=\"data:image\/svg+xml,%3Csvg%20xmlns%3D%22http%3A%2F%2Fwww.w3.org%2F2000%2Fsvg%22%20width%3D%22150%22%20height%3D%22150%22%20viewBox%3D%220%200%20150%20150%22%3E%3C%2Fsvg%3E\" loading=\"eager\"><\/span><span class=\"fg-image-overlay\"><\/span><\/a><\/figure><div class=\"fg-loader\"><\/div><\/div><div class=\"fg-item fg-type-image fg-idle\"><figure class=\"fg-item-inner\"><a href=\"https:\/\/floristeriasusi.com\/flores-marbella\/wp-content\/uploads\/2020\/03\/novias-sergio-10.jpg\" data-attachment-id=\"15556\" data-type=\"image\" class=\"fg-thumb\"><span class=\"fg-image-wrap\"><img decoding=\"async\" width=\"150\" height=\"150\" class=\"skip-lazy fg-image\" data-src-fg=\"https:\/\/floristeriasusi.com\/flores-marbella\/wp-content\/uploads\/cache\/2020\/03\/novias-sergio-10\/1211159367.jpg\" src=\"data:image\/svg+xml,%3Csvg%20xmlns%3D%22http%3A%2F%2Fwww.w3.org%2F2000%2Fsvg%22%20width%3D%22150%22%20height%3D%22150%22%20viewBox%3D%220%200%20150%20150%22%3E%3C%2Fsvg%3E\" loading=\"eager\"><\/span><span class=\"fg-image-overlay\"><\/span><\/a><\/figure><div class=\"fg-loader\"><\/div><\/div><div class=\"fg-item fg-type-image fg-idle\"><figure class=\"fg-item-inner\"><a href=\"https:\/\/floristeriasusi.com\/flores-marbella\/wp-content\/uploads\/2020\/03\/novias-sergio-9.jpg\" data-attachment-id=\"15557\" data-type=\"image\" class=\"fg-thumb\"><span class=\"fg-image-wrap\"><img decoding=\"async\" width=\"150\" height=\"150\" class=\"skip-lazy fg-image\" data-src-fg=\"https:\/\/floristeriasusi.com\/flores-marbella\/wp-content\/uploads\/cache\/2020\/03\/novias-sergio-9\/2356297402.jpg\" src=\"data:image\/svg+xml,%3Csvg%20xmlns%3D%22http%3A%2F%2Fwww.w3.org%2F2000%2Fsvg%22%20width%3D%22150%22%20height%3D%22150%22%20viewBox%3D%220%200%20150%20150%22%3E%3C%2Fsvg%3E\" loading=\"eager\"><\/span><span class=\"fg-image-overlay\"><\/span><\/a><\/figure><div class=\"fg-loader\"><\/div><\/div><div class=\"fg-item fg-type-image fg-idle\"><figure class=\"fg-item-inner\"><a href=\"https:\/\/floristeriasusi.com\/flores-marbella\/wp-content\/uploads\/2020\/03\/novias-sergio-8.jpg\" data-attachment-id=\"15558\" data-type=\"image\" class=\"fg-thumb\"><span class=\"fg-image-wrap\"><img decoding=\"async\" width=\"150\" height=\"150\" class=\"skip-lazy fg-image\" data-src-fg=\"https:\/\/floristeriasusi.com\/flores-marbella\/wp-content\/uploads\/cache\/2020\/03\/novias-sergio-8\/4100772430.jpg\" src=\"data:image\/svg+xml,%3Csvg%20xmlns%3D%22http%3A%2F%2Fwww.w3.org%2F2000%2Fsvg%22%20width%3D%22150%22%20height%3D%22150%22%20viewBox%3D%220%200%20150%20150%22%3E%3C%2Fsvg%3E\" loading=\"eager\"><\/span><span class=\"fg-image-overlay\"><\/span><\/a><\/figure><div class=\"fg-loader\"><\/div><\/div><div class=\"fg-item fg-type-image fg-idle\"><figure class=\"fg-item-inner\"><a href=\"https:\/\/floristeriasusi.com\/flores-marbella\/wp-content\/uploads\/2020\/03\/novias-sergio-7.jpg\" data-attachment-id=\"15559\" data-type=\"image\" class=\"fg-thumb\"><span class=\"fg-image-wrap\"><img decoding=\"async\" width=\"150\" height=\"150\" class=\"skip-lazy fg-image\" data-src-fg=\"https:\/\/floristeriasusi.com\/flores-marbella\/wp-content\/uploads\/cache\/2020\/03\/novias-sergio-7\/3466610789.jpg\" src=\"data:image\/svg+xml,%3Csvg%20xmlns%3D%22http%3A%2F%2Fwww.w3.org%2F2000%2Fsvg%22%20width%3D%22150%22%20height%3D%22150%22%20viewBox%3D%220%200%20150%20150%22%3E%3C%2Fsvg%3E\" loading=\"eager\"><\/span><span class=\"fg-image-overlay\"><\/span><\/a><\/figure><div class=\"fg-loader\"><\/div><\/div><div class=\"fg-item fg-type-image fg-idle\"><figure class=\"fg-item-inner\"><a href=\"https:\/\/floristeriasusi.com\/flores-marbella\/wp-content\/uploads\/2020\/03\/novias-sergio-6.jpg\" data-attachment-id=\"15560\" data-type=\"image\" class=\"fg-thumb\"><span class=\"fg-image-wrap\"><img decoding=\"async\" width=\"150\" height=\"150\" class=\"skip-lazy fg-image\" data-src-fg=\"https:\/\/floristeriasusi.com\/flores-marbella\/wp-content\/uploads\/cache\/2020\/03\/novias-sergio-6\/101094237.jpg\" src=\"data:image\/svg+xml,%3Csvg%20xmlns%3D%22http%3A%2F%2Fwww.w3.org%2F2000%2Fsvg%22%20width%3D%22150%22%20height%3D%22150%22%20viewBox%3D%220%200%20150%20150%22%3E%3C%2Fsvg%3E\" loading=\"eager\"><\/span><span class=\"fg-image-overlay\"><\/span><\/a><\/figure><div class=\"fg-loader\"><\/div><\/div><div class=\"fg-item fg-type-image fg-idle\"><figure class=\"fg-item-inner\"><a href=\"https:\/\/floristeriasusi.com\/flores-marbella\/wp-content\/uploads\/2020\/03\/novias-sergio-5.jpg\" data-attachment-id=\"15561\" data-type=\"image\" class=\"fg-thumb\"><span class=\"fg-image-wrap\"><img decoding=\"async\" width=\"150\" height=\"150\" class=\"skip-lazy fg-image\" data-src-fg=\"https:\/\/floristeriasusi.com\/flores-marbella\/wp-content\/uploads\/cache\/2020\/03\/novias-sergio-5\/1801788473.jpg\" src=\"data:image\/svg+xml,%3Csvg%20xmlns%3D%22http%3A%2F%2Fwww.w3.org%2F2000%2Fsvg%22%20width%3D%22150%22%20height%3D%22150%22%20viewBox%3D%220%200%20150%20150%22%3E%3C%2Fsvg%3E\" loading=\"eager\"><\/span><span class=\"fg-image-overlay\"><\/span><\/a><\/figure><div class=\"fg-loader\"><\/div><\/div><div class=\"fg-item fg-type-image fg-idle\"><figure class=\"fg-item-inner\"><a href=\"https:\/\/floristeriasusi.com\/flores-marbella\/wp-content\/uploads\/2020\/03\/novias-sergio-4.jpg\" data-attachment-id=\"15562\" data-type=\"image\" class=\"fg-thumb\"><span class=\"fg-image-wrap\"><img decoding=\"async\" width=\"150\" height=\"150\" class=\"skip-lazy fg-image\" data-src-fg=\"https:\/\/floristeriasusi.com\/flores-marbella\/wp-content\/uploads\/cache\/2020\/03\/novias-sergio-4\/1485538159.jpg\" src=\"data:image\/svg+xml,%3Csvg%20xmlns%3D%22http%3A%2F%2Fwww.w3.org%2F2000%2Fsvg%22%20width%3D%22150%22%20height%3D%22150%22%20viewBox%3D%220%200%20150%20150%22%3E%3C%2Fsvg%3E\" loading=\"eager\"><\/span><span class=\"fg-image-overlay\"><\/span><\/a><\/figure><div class=\"fg-loader\"><\/div><\/div><div class=\"fg-item fg-type-image fg-idle\"><figure class=\"fg-item-inner\"><a href=\"https:\/\/floristeriasusi.com\/flores-marbella\/wp-content\/uploads\/2020\/03\/novias-sergio-3.jpg\" data-attachment-id=\"15563\" data-type=\"image\" class=\"fg-thumb\"><span class=\"fg-image-wrap\"><img decoding=\"async\" width=\"150\" height=\"150\" class=\"skip-lazy fg-image\" data-src-fg=\"https:\/\/floristeriasusi.com\/flores-marbella\/wp-content\/uploads\/cache\/2020\/03\/novias-sergio-3\/2980184817.jpg\" src=\"data:image\/svg+xml,%3Csvg%20xmlns%3D%22http%3A%2F%2Fwww.w3.org%2F2000%2Fsvg%22%20width%3D%22150%22%20height%3D%22150%22%20viewBox%3D%220%200%20150%20150%22%3E%3C%2Fsvg%3E\" loading=\"eager\"><\/span><span class=\"fg-image-overlay\"><\/span><\/a><\/figure><div class=\"fg-loader\"><\/div><\/div><div class=\"fg-item fg-type-image fg-idle\"><figure class=\"fg-item-inner\"><a href=\"https:\/\/floristeriasusi.com\/flores-marbella\/wp-content\/uploads\/2020\/03\/novias-sergio-2.jpg\" data-attachment-id=\"15565\" data-type=\"image\" class=\"fg-thumb\"><span class=\"fg-image-wrap\"><img decoding=\"async\" width=\"150\" height=\"150\" class=\"skip-lazy fg-image\" data-src-fg=\"https:\/\/floristeriasusi.com\/flores-marbella\/wp-content\/uploads\/cache\/2020\/03\/novias-sergio-2\/1492138942.jpg\" src=\"data:image\/svg+xml,%3Csvg%20xmlns%3D%22http%3A%2F%2Fwww.w3.org%2F2000%2Fsvg%22%20width%3D%22150%22%20height%3D%22150%22%20viewBox%3D%220%200%20150%20150%22%3E%3C%2Fsvg%3E\" loading=\"eager\"><\/span><span class=\"fg-image-overlay\"><\/span><\/a><\/figure><div class=\"fg-loader\"><\/div><\/div><div class=\"fg-item fg-type-image fg-idle\"><figure class=\"fg-item-inner\"><a href=\"https:\/\/floristeriasusi.com\/flores-marbella\/wp-content\/uploads\/2020\/03\/novias-sergio-1.jpg\" data-attachment-id=\"15564\" data-type=\"image\" class=\"fg-thumb\"><span class=\"fg-image-wrap\"><img decoding=\"async\" width=\"150\" height=\"150\" class=\"skip-lazy fg-image\" data-src-fg=\"https:\/\/floristeriasusi.com\/flores-marbella\/wp-content\/uploads\/cache\/2020\/03\/novias-sergio-1\/898872538.jpg\" src=\"data:image\/svg+xml,%3Csvg%20xmlns%3D%22http%3A%2F%2Fwww.w3.org%2F2000%2Fsvg%22%20width%3D%22150%22%20height%3D%22150%22%20viewBox%3D%220%200%20150%20150%22%3E%3C%2Fsvg%3E\" loading=\"eager\"><\/span><span class=\"fg-image-overlay\"><\/span><\/a><\/figure><div class=\"fg-loader\"><\/div><\/div><\/div>\n\n<p>[\/vc_column_text][vc_separator type=\u00bbtransparent\u00bb up=\u00bb15&#8243; down=\u00bb15&#8243;][\/vc_column][\/vc_row]<\/p>\n<\/div>","protected":false},"excerpt":{"rendered":"<p>[vc_row css_animation=\u00bb\u00bb row_type=\u00bbrow\u00bb use_row_as_full_screen_section=\u00bbno\u00bb type=\u00bbgrid\u00bb angled_section=\u00bbno\u00bb text_align=\u00bbleft\u00bb background_image_as_pattern=\u00bbwithout_pattern\u00bb z_index=\u00bb\u00bb css=\u00bb.vc_custom_1575827106512{margin-bottom: 50px !important;}\u00bb][vc_column][vc_empty_space height=\u00bb60px\u00bb][vc_column_text] BODAS &amp; EVENTOS [\/vc_column_text][vc_separator type=\u00bbsmall\u00bb position=\u00bbleft\u00bb color=\u00bb#ffffff\u00bb thickness=\u00bb1&#8243; up=\u00bb10&#8243; down=\u00bb10&#8243;][vc_empty_space height=\u00bb40px\u00bb][vc_column_text] Para un d\u00eda m\u00e1gico y especial, no dudes en contactar con nosotros. Estaremos encantados de hacer realidad tus sue\u00f1os. Para cita&#8230;<\/p>\n","protected":false},"author":1,"featured_media":0,"parent":0,"menu_order":0,"comment_status":"closed","ping_status":"closed","template":"full_width.php","meta":{"footnotes":""},"class_list":["post-15225","page","type-page","status-publish","hentry"],"_links":{"self":[{"href":"https:\/\/floristeriasusi.com\/flores-marbella\/wp-json\/wp\/v2\/pages\/15225","targetHints":{"allow":["GET"]}}],"collection":[{"href":"https:\/\/floristeriasusi.com\/flores-marbella\/wp-json\/wp\/v2\/pages"}],"about":[{"href":"https:\/\/floristeriasusi.com\/flores-marbella\/wp-json\/wp\/v2\/types\/page"}],"author":[{"embeddable":true,"href":"https:\/\/floristeriasusi.com\/flores-marbella\/wp-json\/wp\/v2\/users\/1"}],"replies":[{"embeddable":true,"href":"https:\/\/floristeriasusi.com\/flores-marbella\/wp-json\/wp\/v2\/comments?post=15225"}],"version-history":[{"count":6,"href":"https:\/\/floristeriasusi.com\/flores-marbella\/wp-json\/wp\/v2\/pages\/15225\/revisions"}],"predecessor-version":[{"id":15603,"href":"https:\/\/floristeriasusi.com\/flores-marbella\/wp-json\/wp\/v2\/pages\/15225\/revisions\/15603"}],"wp:attachment":[{"href":"https:\/\/floristeriasusi.com\/flores-marbella\/wp-json\/wp\/v2\/media?parent=15225"}],"curies":[{"name":"wp","href":"https:\/\/api.w.org\/{rel}","templated":true}]}}