{"id":15073,"date":"2019-12-08T16:15:34","date_gmt":"2019-12-08T16:15:34","guid":{"rendered":"https:\/\/floristeriasusi.com\/flores-marbella\/?page_id=15073"},"modified":"2025-12-15T14:33:42","modified_gmt":"2025-12-15T14:33:42","slug":"aviso-legal-condiciones-de-compra","status":"publish","type":"page","link":"https:\/\/floristeriasusi.com\/flores-marbella\/aviso-legal-condiciones-de-compra\/","title":{"rendered":"AVISO LEGAL &#038; CONDICIONES DE COMPRA"},"content":{"rendered":"<div class=\"wpb-content-wrapper\"><p>[vc_row css_animation=\u00bb\u00bb row_type=\u00bbrow\u00bb use_row_as_full_screen_section=\u00bbno\u00bb type=\u00bbgrid\u00bb angled_section=\u00bbno\u00bb text_align=\u00bbleft\u00bb background_image_as_pattern=\u00bbwithout_pattern\u00bb z_index=\u00bb\u00bb css=\u00bb.vc_custom_1575827106512{margin-bottom: 50px !important;}\u00bb][vc_column][vc_empty_space height=\u00bb60px\u00bb][vc_column_text]<\/p>\n<h2 class=\"ci-pageheadline\"><span style=\"color: #ffffff;\">AVISO LEGAL &amp; CONDICIONES DE COMPRA<\/span><\/h2>\n<p>[\/vc_column_text][vc_separator type=\u00bbsmall\u00bb position=\u00bbleft\u00bb color=\u00bb#ffffff\u00bb thickness=\u00bb1&#8243; up=\u00bb10&#8243; down=\u00bb10&#8243;][vc_empty_space height=\u00bb40px\u00bb][vc_column_text css=\u00bb\u00bb]AVISO LEGAL<\/p>\n<p>&nbsp;<\/p>\n<p>El dominio floristeriasusi.com es propiedad de FRANCISCO CANO CRUZ, con DNI 27341670Y.<\/p>\n<p>&nbsp;<\/p>\n<p>Florister\u00eda Susi es una florister\u00eda con amplia experiencia que ofrece sus servicios en Marbella tanto de manera virtual desde esta web como desde su local en:<\/p>\n<p>&nbsp;<\/p>\n<p>C\/ Los Naranjos, 12<\/p>\n<p>Bda divina pastora<\/p>\n<p>29600 Marbella (Espa\u00f1a)<\/p>\n<p>&nbsp;<\/p>\n<p>&nbsp;<\/p>\n<p>GENERAL<\/p>\n<p>&nbsp;<\/p>\n<p>Se da por entendido que al momento de comprar cualquiera de nuestros productos, el cliente acepta los t\u00e9rminos, condiciones y pol\u00edticas de entrega especificadas.<\/p>\n<p>&nbsp;<\/p>\n<p>La edad m\u00ednima para poder comprar en la tienda online de floristeriasusi.com es de 18 a\u00f1os, siendo el usuario responsable de la veracidad de dicho dato cuando sea requerido.<\/p>\n<p>&nbsp;<\/p>\n<p>ACEPTACI\u00d3N DE PEDIDOS<\/p>\n<p>&nbsp;<\/p>\n<p>Todos los pedidos podr\u00e1n formularse por e-mail, fax o telef\u00f3nicamente. La venta se entiende efectuada en el domicilio de la empresa Florister\u00eda Susi\u00ae. Un pedido no es definitivo hasta que no es aceptado por la misma.<\/p>\n<p>&nbsp;<\/p>\n<p>CONFIRMACI\u00d3N DE PEDIDO<\/p>\n<p>&nbsp;<\/p>\n<p>Florister\u00eda Susi\u00ae enviara al cliente un correo electr\u00f3nico con el fin de confirmarle la recepci\u00f3n y\/o aceptaci\u00f3n del pedido, indicando el producto seleccionado, los datos de env\u00edo y el coste total del mismo (impuestos y gastos de env\u00edo incluidos).<\/p>\n<p>&nbsp;<\/p>\n<p>CONFIDENCIALIDAD<\/p>\n<p>&nbsp;<\/p>\n<p>En cumplimiento de lo establecido en la Ley Org\u00e1nica 15\/1999, de 13 de diciembre, de Protecci\u00f3n de Datos de Car\u00e1cter Personal, FLORISTERIA SUSI informa a sus clientes de que cuantos datos personales nos facilite ser\u00e1n incluidos en un fichero automatizado de datos de car\u00e1cter personal, creado y mantenido bajo la responsabilidad de FLORISTERIA SUSI, cuyo domicilio es:<\/p>\n<p>&nbsp;<\/p>\n<p>C\/ Los Naranjos, 12<\/p>\n<p>Bda divina pastora<\/p>\n<p>29600 Marbella (Espa\u00f1a)<\/p>\n<p>&nbsp;<\/p>\n<p>La finalidad de dicho fichero es facilitar la gesti\u00f3n y tramitaci\u00f3n de los pedidos y, en el caso de que nos haya autorizado expresamente en la casilla correspondiente, tambi\u00e9n a enviar en el futuro, directamente o a trav\u00e9s de empresas colaboradoras, comunicaciones comerciales sobre productos y servicios que pueden resultar de inter\u00e9s a nuestros clientes.<\/p>\n<p>&nbsp;<\/p>\n<p>FLORISTERIA SUSI garantiza la seguridad y confidencialidad de los datos facilitados. De este modo, se compromete al cumplimiento de su obligaci\u00f3n de secreto de los datos de car\u00e1cter personal y de su deber de guardarlos y adoptar todas las medidas necesarias para evitar su alteraci\u00f3n, p\u00e9rdida, tratamiento o uso no autorizado.<\/p>\n<p>&nbsp;<\/p>\n<p>Los clientes de FLORISTERIA SUSI podr\u00e1n en todo momento ejercitar los derechos de acceso, rectificaci\u00f3n, cancelaci\u00f3n y oposici\u00f3n, comunic\u00e1ndolo por escrito a nuestra direcci\u00f3n de email <a href=\"mailto:susi@floristeriasusi.com\" rel=\"noreferrer\">susi@floristeriasusi.com<\/a> o por escrito a:<\/p>\n<p>&nbsp;<\/p>\n<p>FLORISTERIA SUSI<\/p>\n<p>C\/ Los Naranjos, 12<\/p>\n<p>Bda divina pastora<\/p>\n<p>29600 Marbella (Espa\u00f1a)<\/p>\n<p>&nbsp;<\/p>\n<p>PAGOS<\/p>\n<p>&nbsp;<\/p>\n<p>El pago se efectuara con tarjeta de cr\u00e9dito. La persona titular de dicha tarjeta ser\u00e1 responsable de las transacciones que se realicen durante el proceso de compra.<\/p>\n<p>&nbsp;<\/p>\n<p>A fin de ofrecer la m\u00e1xima seguridad posible, el dominio floristeriasusi.com dispone de un certificado de seguridad (SSL) aplicable a toda la web.<\/p>\n<p>&nbsp;<\/p>\n<p>Asimismo, el proceso de pago por tarjeta se efect\u00faa en una p\u00e1gina que en ning\u00fan caso guardar\u00e1 los datos del usuario m\u00e1s all\u00e1 de lo necesario para la correcta finalizaci\u00f3n del proceso de compra.<\/p>\n<p>&nbsp;<\/p>\n<p>COPYRIGHT<\/p>\n<p>&nbsp;<\/p>\n<p>Las marcas, r\u00f3tulos, signos distintivos o logos de florister\u00eda susi que aparecen en esta p\u00e1gina web, son titularidad de Florister\u00eda Susi\u00ae y est\u00e1n debidamente registrados. Igual referencia se hace al nombre de dominio a trav\u00e9s del cual se puede acceder e este sitio web (floristeriasusi.com).<\/p>\n<p>&nbsp;<\/p>\n<p>PRECIOS<\/p>\n<p>&nbsp;<\/p>\n<p>Los precios figuran en euros. Precios validos salvo error tipogr\u00e1fico. I.V.A. y gastos de entrega a domicilio, incluidos.<\/p>\n<p>&nbsp;<\/p>\n<p>El precio de los productos es el indicado en la Web. Los precios podr\u00e1n ser modificados en la misma, pero nunca cuando se haya realizado el pedido.<\/p>\n<p>&nbsp;<\/p>\n<p>FOTOGRAFIAS<\/p>\n<p>&nbsp;<\/p>\n<p>Las im\u00e1genes son meramente orientativas. La composici\u00f3n, color y variedad de las flores, pueden variar seg\u00fan disponibilidad o existencias.<\/p>\n<p>&nbsp;<\/p>\n<p>Florister\u00eda Susi\u00ae no se responsabiliza de la coincidencia exacta de las ilustraciones fotogr\u00e1ficas, ya que en cada \u00e9poca del a\u00f1o hay diferentes tipos de flores.<\/p>\n<p>&nbsp;<\/p>\n<p>Florister\u00eda Susi\u00ae podr\u00e1 modificarlo en cualquier momento, sin previo aviso, respetando siempre la armon\u00eda del trabajo y el importe abonado por el cliente.<\/p>\n<p>&nbsp;<\/p>\n<p>PLAZO DE ENTREGA<\/p>\n<p>&nbsp;<\/p>\n<p>Los plazos de entrega indicados son a titulo orientativo y Florister\u00eda Susi\u00ae se esfuerza en respetarlos. No obstante, su demora no implicara la anulaci\u00f3n del pedido ni indemnizaci\u00f3n alguna.<\/p>\n<p>&nbsp;<\/p>\n<p>ENTREGA EFECTUADA<\/p>\n<p>&nbsp;<\/p>\n<p>La entrega se considera efectuada desde que se pone el producto a disposici\u00f3n del destinatario por nuestro repartidor, quedando firmado el recib\u00ed de entrega.<\/p>\n<p>&nbsp;<\/p>\n<p>REPARTOS FUERA DE HORARIO<\/p>\n<p>&nbsp;<\/p>\n<p>Para repartos fuera de las franjas horarias facilitadas por Florister\u00eda Susi\u00ae, contactar telef\u00f3nicamente en el tel\u00e9fono +34 952 900 144<\/p>\n<p>&nbsp;<\/p>\n<p>HORARIO FLORISTERIA SUSI\u00ae<\/p>\n<p>&nbsp;<\/p>\n<p>Lunes a Viernes: 09.30 \u2013 14.00.<br \/>\nS\u00e1bados: 09.00 \u2013 14.00.<\/p>\n<p>&nbsp;<\/p>\n<p>RECLAMACIONES<\/p>\n<p>&nbsp;<\/p>\n<p>Si el cliente desea hacer una reclamaci\u00f3n del producto, servicio de entrega, atenci\u00f3n recibida o cualquier otro motivo, dispondr\u00e1 de 24 horas desde el momento de entrega del pedido, debido a que se trata de un producto perecedero.<\/p>\n<p>&nbsp;<\/p>\n<p>Dicha reclamaci\u00f3n, solo se har\u00e1 telef\u00f3nicamente o person\u00e1ndose en nuestro establecimiento.<\/p>\n<p>Florister\u00eda Susi\u00ae<\/p>\n<p>c\/ los naranjos, 12<\/p>\n<p>bda divina pastora<\/p>\n<p>29600 marbella<\/p>\n<p>TEL 952900144<\/p>\n<p>&nbsp;<\/p>\n<p>Para cualquier devoluci\u00f3n, el comprador y el vendedor deber\u00e1n ponerse de acuerdo. En caso de un defecto visible y razonable en el pedido, el comprador tiene derecho a la devoluci\u00f3n del importe del pedido o a una soluci\u00f3n similar acordada entre el comprador y el vendedor.<\/p>\n<p>&nbsp;<\/p>\n<p>DATOS ERRONEOS<\/p>\n<p>&nbsp;<\/p>\n<p>En caso de haberse facilitado una direcci\u00f3n de destino err\u00f3nea o incompleta, Florister\u00eda Susi\u00ae no se har\u00e1 responsable de los retrasos o deterioros en la entrega.<\/p>\n<p>&nbsp;<\/p>\n<p>Por ese motivo, siempre necesitaremos un n\u00famero de tel\u00e9fono o e-mail del cliente que nos hace el encargo, para comunicar cualquier incidencia.<\/p>\n<p>&nbsp;<\/p>\n<p>Florister\u00eda Susi\u00ae no se hace responsable del incumplimiento de los plazos de entrega siempre que razones de fuerza mayor se lo impidan.<\/p>\n<p>&nbsp;<\/p>\n<p>AUSENCIA DE DESTINATARIO<\/p>\n<p>&nbsp;<\/p>\n<p>Si por cualquier motivo el destinatario estuviera ausente y no se hace efectiva la entrega del encargo solicitado por el cliente, se dejara una nota de \u201causencia\u201d al destinatario, avis\u00e1ndole al cliente donde puede recoger su arreglo floral.<\/p>\n<p>&nbsp;<\/p>\n<p>El destinatario podr\u00e1 ponerse en contacto con Florister\u00eda Susi\u00ae para recogerlo personalmente en nuestro establecimiento o acordar una nueva entrega (esta ultima opci\u00f3n puede llevar un coste adicional).<\/p>\n<p>&nbsp;<\/p>\n<p>Florister\u00eda Susi\u00ae se compromete a un intento de entrega por pedido, no teniendo obligaci\u00f3n ninguna de reemplazar el producto o hacer una devoluci\u00f3n del costo del pedido si el motivo de la no entrega es causado por error del comprador o destinatario (error en la direcci\u00f3n del destinatario, ausencia del destinatario,\u2026).<\/p>\n<p>&nbsp;<\/p>\n<p>SERVICIOS A DOMICILIO<\/p>\n<p>&nbsp;<\/p>\n<p>Servicios a domicilio solo para la poblaci\u00f3n de Marbella y alrededores. Para otras poblaciones, contacte con nosotros.<\/p>\n<p>&nbsp;<\/p>\n<p>LEY APLICABLE Y JURISDICCI\u00d3N<\/p>\n<p>&nbsp;<\/p>\n<p>Estas condiciones generales de Compra se interpretar\u00e1n de conformidad con la legislaci\u00f3n espa\u00f1ola.<\/p>\n<p>&nbsp;<\/p>\n<p>Reclamaciones y altercados siempre ser\u00e1n generosamente tratados, ya que contamos que nuestros clientes act\u00faen de buena fe.<\/p>\n<p>&nbsp;<\/p>\n<p>Para cualquier cuesti\u00f3n litigiosa los clientes deber\u00e1n contactar primero con la empresa para tratar de llegar a una soluci\u00f3n amigable, en caso de no acuerdo, ser\u00e1n competentes los Juzgados y Tribunales de Marbella.<\/p>\n<p>&nbsp;<\/p>\n<p>PROMOCIONES<\/p>\n<p>&nbsp;<\/p>\n<p>Al registrarse en la web floristeriasusi.com, das tu conformidad para recibir publicidad y\/o promociones de Florister\u00eda Susi\u00ae exclusivamente.[\/vc_column_text][\/vc_column][\/vc_row]<\/p>\n<\/div>","protected":false},"excerpt":{"rendered":"<p>[vc_row css_animation=\u00bb\u00bb row_type=\u00bbrow\u00bb use_row_as_full_screen_section=\u00bbno\u00bb type=\u00bbgrid\u00bb angled_section=\u00bbno\u00bb text_align=\u00bbleft\u00bb background_image_as_pattern=\u00bbwithout_pattern\u00bb z_index=\u00bb\u00bb css=\u00bb.vc_custom_1575827106512{margin-bottom: 50px !important;}\u00bb][vc_column][vc_empty_space height=\u00bb60px\u00bb][vc_column_text] AVISO LEGAL &amp; CONDICIONES DE COMPRA [\/vc_column_text][vc_separator type=\u00bbsmall\u00bb position=\u00bbleft\u00bb color=\u00bb#ffffff\u00bb thickness=\u00bb1&#8243; up=\u00bb10&#8243; down=\u00bb10&#8243;][vc_empty_space height=\u00bb40px\u00bb][vc_column_text css=\u00bb\u00bb]AVISO LEGAL &nbsp; El dominio floristeriasusi.com es propiedad de FRANCISCO CANO CRUZ, con DNI 27341670Y. &nbsp; Florister\u00eda Susi&#8230;<\/p>\n","protected":false},"author":1,"featured_media":0,"parent":0,"menu_order":0,"comment_status":"closed","ping_status":"closed","template":"full_width.php","meta":{"footnotes":""},"class_list":["post-15073","page","type-page","status-publish","hentry"],"_links":{"self":[{"href":"https:\/\/floristeriasusi.com\/flores-marbella\/wp-json\/wp\/v2\/pages\/15073","targetHints":{"allow":["GET"]}}],"collection":[{"href":"https:\/\/floristeriasusi.com\/flores-marbella\/wp-json\/wp\/v2\/pages"}],"about":[{"href":"https:\/\/floristeriasusi.com\/flores-marbella\/wp-json\/wp\/v2\/types\/page"}],"author":[{"embeddable":true,"href":"https:\/\/floristeriasusi.com\/flores-marbella\/wp-json\/wp\/v2\/users\/1"}],"replies":[{"embeddable":true,"href":"https:\/\/floristeriasusi.com\/flores-marbella\/wp-json\/wp\/v2\/comments?post=15073"}],"version-history":[{"count":14,"href":"https:\/\/floristeriasusi.com\/flores-marbella\/wp-json\/wp\/v2\/pages\/15073\/revisions"}],"predecessor-version":[{"id":15952,"href":"https:\/\/floristeriasusi.com\/flores-marbella\/wp-json\/wp\/v2\/pages\/15073\/revisions\/15952"}],"wp:attachment":[{"href":"https:\/\/floristeriasusi.com\/flores-marbella\/wp-json\/wp\/v2\/media?parent=15073"}],"curies":[{"name":"wp","href":"https:\/\/api.w.org\/{rel}","templated":true}]}}